{"id":777,"date":"2021-04-17T14:52:59","date_gmt":"2021-04-17T14:52:59","guid":{"rendered":"https:\/\/xn--cabaanat-g3a.com.ar\/wp\/?page_id=777"},"modified":"2021-11-11T13:42:03","modified_gmt":"2021-11-11T13:42:03","slug":"inicio","status":"publish","type":"page","link":"https:\/\/xn--cabaanat-g3a.com.ar\/index.php\/inicio\/","title":{"rendered":"Inicio"},"content":{"rendered":"<div data-colibri-id=\"777-c1\" class=\"style-751 style-local-777-c1 position-relative\">\n  <!---->\n  <div data-colibri-component=\"section\" data-colibri-id=\"777-c2\" id=\"about\" class=\"h-section h-section-global-spacing d-flex align-items-lg-center align-items-md-center align-items-center style-763 style-local-777-c2 position-relative\">\n    <!---->\n    <!---->\n    <div class=\"h-section-grid-container h-section-boxed-container\">\n      <!---->\n      <div data-colibri-id=\"777-c3\" class=\"h-row-container gutters-row-lg-0 gutters-row-md-0 gutters-row-0 gutters-row-v-lg-0 gutters-row-v-md-0 gutters-row-v-0 style-764 style-local-777-c3 position-relative\">\n        <!---->\n        <div class=\"h-row justify-content-lg-center justify-content-md-center justify-content-center align-items-lg-stretch align-items-md-stretch align-items-stretch gutters-col-lg-0 gutters-col-md-0 gutters-col-0 gutters-col-v-lg-0 gutters-col-v-md-0 gutters-col-v-0\">\n          <!---->\n          <div class=\"h-column h-column-container d-flex h-col-lg-auto h-col-md-auto h-col-auto style-765-outer style-local-777-c4-outer\">\n            <div data-colibri-id=\"777-c4\" class=\"d-flex h-flex-basis h-column__inner h-ui-empty-state-container h-px-lg-0 h-px-md-0 h-px-0 v-inner-lg-0 v-inner-md-0 v-inner-0 style-765 style-local-777-c4 position-relative\">\n              <!---->\n              <!---->\n              <div class=\"w-100 h-y-container h-column__content h-column__v-align flex-basis-100\">\n                <!---->\n              <\/div>\n            <\/div>\n          <\/div>\n          <div class=\"h-column h-column-container d-flex h-col-lg-auto h-col-md-auto h-col-auto style-766-outer style-local-777-c5-outer\">\n            <div data-colibri-id=\"777-c5\" class=\"d-flex h-flex-basis h-column__inner h-px-lg-2 h-px-md-2 h-px-2 v-inner-lg-2 v-inner-md-2 v-inner-2 style-766 style-local-777-c5 position-relative\">\n              <!---->\n              <!---->\n              <div class=\"w-100 h-y-container h-column__content h-column__v-align flex-basis-100 align-self-lg-start align-self-md-start align-self-start\">\n                <!---->\n                <div data-colibri-id=\"777-c6\" class=\"h-global-transition-all h-heading style-768 style-local-777-c6 position-relative h-element\">\n                  <!---->\n                  <div class=\"h-heading__outer style-768 style-local-777-c6\">\n                    <!---->\n                    <!---->\n                    <h3 class=\"\">Cuenta la <em style=\"font-family: &quot;Playfair Display&quot;;\">leyenda&#8230;<\/em><\/h3>\n                  <\/div>\n                <\/div>\n                <div data-colibri-id=\"777-c7\" class=\"h-text h-text-component style-769 style-local-777-c7 position-relative h-element\">\n                  <!---->\n                  <!---->\n                  <div class=\"\">\n                    <p>&#8230; que las tropas de Austria, cuando ocuparon el norte de Italia tras la derrota de Napole\u00f3n Bonaparte, guardaron una receta: era una costilla a la milanesa con pan rallado. En aquella zona pas\u00f3 a llamarse Schintzel y del otro lado\n                      del Atl\u00e1ntico adapt\u00f3 el nombre con el que a\u00fan se la conoce: \u201ccotolleta alla Milanese\u201d. <\/p>\n                    <p>Pero hay mucha m\u00e1s historia detr\u00e1s, sus or\u00edgenes son ampliamente discutidos y una simple revisi\u00f3n de la etimolog\u00eda de la palabra revela que en aquel gentilicio hay, por lo menos, una ciudad, Mil\u00e1n, involucrada en sus or\u00edgenes. <\/p>\n                  <\/div>\n                <\/div>\n              <\/div>\n            <\/div>\n          <\/div>\n          <div class=\"h-column h-column-container d-flex h-col-lg-auto h-col-md-auto h-col-auto style-770-outer style-local-777-c8-outer\">\n            <div data-colibri-id=\"777-c8\" class=\"d-flex h-flex-basis h-column__inner h-px-lg-2 h-px-md-2 h-px-2 v-inner-lg-2 v-inner-md-2 v-inner-2 style-770 style-local-777-c8 position-relative\">\n              <!---->\n              <!---->\n              <div class=\"w-100 h-y-container h-column__content h-column__v-align flex-basis-100 align-self-lg-end align-self-md-end align-self-end\">\n                <!---->\n                <div data-colibri-id=\"777-c9\" class=\"d-block style-774 style-local-777-c9 position-relative h-element\">\n                  <!---->\n                  <div class=\"h-image__frame-container-outer\">\n                    <div class=\"h-image__frame-container\">\n                      <!---->\n                      <!---->\n                      <img loading=\"lazy\" decoding=\"async\" width=\"691\" height=\"857\" src=\"https:\/\/xn--cabaanat-g3a.com.ar\/wp\/wp-content\/uploads\/2021\/10\/cropped-entonces.png\" class=\"wp-image-1224 style-774-image style-local-777-c9-image\" alt=\"\" srcset=\"https:\/\/xn--cabaanat-g3a.com.ar\/wp\/wp-content\/uploads\/2021\/10\/cropped-entonces.png 691w, https:\/\/xn--cabaanat-g3a.com.ar\/wp\/wp-content\/uploads\/2021\/10\/cropped-entonces-242x300.png 242w\" sizes=\"auto, (max-width: 691px) 100vw, 691px\" \/>\n                      <div class=\"h-image__frame h-hide-lg h-hide-md h-hide-sm style-774-frameImage style-local-777-c9-frameImage\"><\/div>\n                    <\/div>\n                  <\/div>\n                <\/div>\n              <\/div>\n            <\/div>\n          <\/div>\n        <\/div>\n      <\/div>\n      <div data-colibri-id=\"777-c10\" class=\"h-row-container gutters-row-lg-2 gutters-row-md-2 gutters-row-0 gutters-row-v-lg-2 gutters-row-v-md-2 gutters-row-v-2 style-771 style-local-777-c10 position-relative\">\n        <!---->\n        <div class=\"h-row justify-content-lg-center justify-content-md-center justify-content-center align-items-lg-stretch align-items-md-stretch align-items-stretch gutters-col-lg-2 gutters-col-md-2 gutters-col-0 gutters-col-v-lg-2 gutters-col-v-md-2 gutters-col-v-2\">\n          <!---->\n          <div class=\"h-column h-column-container d-flex h-col-lg-auto h-col-md-auto h-col-auto style-772-outer style-local-777-c11-outer\">\n            <div data-colibri-id=\"777-c11\" class=\"d-flex h-flex-basis h-column__inner h-px-lg-2 h-px-md-2 h-px-2 v-inner-lg-2 v-inner-md-2 v-inner-2 style-772 style-local-777-c11 position-relative\">\n              <!---->\n              <!---->\n              <div class=\"w-100 h-y-container h-column__content h-column__v-align flex-basis-100 align-self-lg-start align-self-md-start align-self-start\">\n                <!---->\n                <div data-colibri-id=\"777-c12\" class=\"h-text h-text-component style-775 style-local-777-c12 position-relative h-element\">\n                  <!---->\n                  <!---->\n                  <div class=\"\">\n                    <p>A\u00fan no se conoce con certeza el origen de esta receta. Para nosotros la Milanesa, es la comida m\u00e1s rica del mundo, una fiesta para el paladar! La mila, milanga, un filete fino de carne pasado por huevo batido y rebozador, que se cocina\n                      frita o al horno. Puede ser consumida \u00abal plato\u00bb (normalmente con una guarnici\u00f3n como ensalada, pur\u00e9 o papas fritas) o en sandwich.<\/p>\n                  <\/div>\n                <\/div>\n              <\/div>\n            <\/div>\n          <\/div>\n        <\/div>\n      <\/div>\n    <\/div>\n  <\/div>\n  <div data-colibri-component=\"section\" data-colibri-id=\"777-c13\" id=\"about-2\" class=\"h-section h-section-global-spacing d-flex align-items-lg-center align-items-md-center align-items-center style-776 style-local-777-c13 position-relative\">\n    <!---->\n    <!---->\n    <div class=\"h-section-grid-container h-section-boxed-container\">\n      <!---->\n      <div data-colibri-id=\"777-c14\" class=\"h-row-container gutters-row-lg-0 gutters-row-md-0 gutters-row-0 gutters-row-v-lg-0 gutters-row-v-md-0 gutters-row-v-0 style-777 style-local-777-c14 position-relative\">\n        <!---->\n        <div class=\"h-row justify-content-lg-center justify-content-md-center justify-content-center align-items-lg-stretch align-items-md-stretch align-items-stretch gutters-col-lg-0 gutters-col-md-0 gutters-col-0 gutters-col-v-lg-0 gutters-col-v-md-0 gutters-col-v-0\">\n          <!---->\n          <div class=\"h-column h-column-container d-flex h-col-lg-auto h-col-md-auto h-col-auto style-778-outer style-local-777-c15-outer\">\n            <div data-colibri-id=\"777-c15\" class=\"d-flex h-flex-basis h-column__inner h-px-lg-0 h-px-md-0 h-px-0 v-inner-lg-0 v-inner-md-0 v-inner-0 style-778 style-local-777-c15 position-relative\">\n              <!---->\n              <!---->\n              <div class=\"w-100 h-y-container h-column__content h-column__v-align flex-basis-100 align-self-lg-start align-self-md-start align-self-start\">\n                <!---->\n                <div data-colibri-id=\"777-c16\" class=\"h-global-transition-all h-heading style-780 style-local-777-c16 position-relative h-element\">\n                  <!---->\n                  <div class=\"h-heading__outer style-780 style-local-777-c16\">\n                    <!---->\n                    <!---->\n                    <h2 class=\"\">Cu\u00e1les son los&nbsp;<em style=\"font-family: &quot;Playfair Display&quot;;\">SECRETOS<\/em>&nbsp;de la milanesa <em style=\"font-family: &quot;Playfair Display&quot;;\">PERFECTA?<\/em><\/h2>\n                  <\/div>\n                <\/div>\n                <div data-colibri-id=\"777-c17\" class=\"h-text h-text-component style-781 style-local-777-c17 position-relative h-element\">\n                  <!---->\n                  <!---->\n                  <div class=\"\">\n                    <p>Descubrilos probando nuestras milanesas, porque cuando las pruebes sabr\u00e1s qui\u00e9n tiene la verdad!!!<\/p>\n                  <\/div>\n                <\/div>\n              <\/div>\n            <\/div>\n          <\/div>\n          <div class=\"h-column h-column-container d-flex h-col-lg-auto h-col-md-auto h-col-auto style-782-outer style-local-777-c18-outer\">\n            <div data-colibri-id=\"777-c18\" class=\"d-flex h-flex-basis h-column__inner h-ui-empty-state-container h-px-lg-2 h-px-md-2 h-px-2 v-inner-lg-2 v-inner-md-2 v-inner-2 style-782 style-local-777-c18 position-relative\">\n              <!---->\n              <!---->\n              <div class=\"w-100 h-y-container h-column__content h-column__v-align flex-basis-100\">\n                <!---->\n              <\/div>\n            <\/div>\n          <\/div>\n        <\/div>\n      <\/div>\n    <\/div>\n  <\/div>\n<\/div>","protected":false},"excerpt":{"rendered":"<p>Cuenta la leyenda&#8230; &#8230; que las tropas de Austria, cuando ocuparon el norte de Italia tras la derrota de Napole\u00f3n Bonaparte, guardaron una receta: era una costilla a la milanesa con pan rallado. En aquella zona pas\u00f3 a llamarse Schintzel y del otro lado del Atl\u00e1ntico adapt\u00f3 el nombre con el que a\u00fan se la [&hellip;]<\/p>\n","protected":false},"author":1,"featured_media":0,"parent":0,"menu_order":0,"comment_status":"closed","ping_status":"closed","template":"page-templates\/full-width-page.php","meta":{"_monsterinsights_skip_tracking":false,"_monsterinsights_sitenote_active":false,"_monsterinsights_sitenote_note":"","_monsterinsights_sitenote_category":0,"footnotes":""},"class_list":["post-777","page","type-page","status-publish","hentry"],"aioseo_notices":[],"_links":{"self":[{"href":"https:\/\/xn--cabaanat-g3a.com.ar\/index.php\/wp-json\/wp\/v2\/pages\/777","targetHints":{"allow":["GET"]}}],"collection":[{"href":"https:\/\/xn--cabaanat-g3a.com.ar\/index.php\/wp-json\/wp\/v2\/pages"}],"about":[{"href":"https:\/\/xn--cabaanat-g3a.com.ar\/index.php\/wp-json\/wp\/v2\/types\/page"}],"author":[{"embeddable":true,"href":"https:\/\/xn--cabaanat-g3a.com.ar\/index.php\/wp-json\/wp\/v2\/users\/1"}],"replies":[{"embeddable":true,"href":"https:\/\/xn--cabaanat-g3a.com.ar\/index.php\/wp-json\/wp\/v2\/comments?post=777"}],"version-history":[{"count":20,"href":"https:\/\/xn--cabaanat-g3a.com.ar\/index.php\/wp-json\/wp\/v2\/pages\/777\/revisions"}],"predecessor-version":[{"id":1600,"href":"https:\/\/xn--cabaanat-g3a.com.ar\/index.php\/wp-json\/wp\/v2\/pages\/777\/revisions\/1600"}],"wp:attachment":[{"href":"https:\/\/xn--cabaanat-g3a.com.ar\/index.php\/wp-json\/wp\/v2\/media?parent=777"}],"curies":[{"name":"wp","href":"https:\/\/api.w.org\/{rel}","templated":true}]}}