{"id":1703,"date":"2023-04-04T19:20:11","date_gmt":"2023-04-04T19:20:11","guid":{"rendered":"https:\/\/xn--cabaanat-g3a.com.ar\/?page_id=1703"},"modified":"2023-04-04T19:28:44","modified_gmt":"2023-04-04T19:28:44","slug":"nos","status":"publish","type":"page","link":"https:\/\/xn--cabaanat-g3a.com.ar\/index.php\/pt\/nos\/","title":{"rendered":"N\u00d3S"},"content":{"rendered":"<div data-colibri-id=\"1703-c1\" class=\"style-907 style-local-1703-c1 position-relative\">\n  <!---->\n  <div data-colibri-component=\"section\" data-colibri-id=\"1703-c2\" id=\"about\" class=\"h-section h-section-global-spacing d-flex align-items-lg-center align-items-md-center align-items-center style-908 style-local-1703-c2 position-relative\">\n    <!---->\n    <!---->\n    <div class=\"h-section-grid-container h-section-boxed-container\">\n      <!---->\n      <div data-colibri-id=\"1703-c3\" class=\"h-row-container gutters-row-lg-0 gutters-row-md-0 gutters-row-0 gutters-row-v-lg-0 gutters-row-v-md-0 gutters-row-v-0 style-909 style-local-1703-c3 position-relative\">\n        <!---->\n        <div class=\"h-row justify-content-lg-center justify-content-md-center justify-content-center align-items-lg-stretch align-items-md-stretch align-items-stretch gutters-col-lg-0 gutters-col-md-0 gutters-col-0 gutters-col-v-lg-0 gutters-col-v-md-0 gutters-col-v-0\">\n          <!---->\n          <div class=\"h-column h-column-container d-flex h-col-lg-auto h-col-md-auto h-col-auto style-910-outer style-local-1703-c4-outer\">\n            <div data-colibri-id=\"1703-c4\" class=\"d-flex h-flex-basis h-column__inner h-px-lg-0 h-px-md-0 h-px-0 v-inner-lg-0 v-inner-md-0 v-inner-0 style-910 style-local-1703-c4 position-relative\">\n              <!---->\n              <!---->\n              <div class=\"w-100 h-y-container h-column__content h-column__v-align flex-basis-100 align-self-lg-start align-self-md-start align-self-start\">\n                <!---->\n                <div data-colibri-id=\"1703-c5\" class=\"h-global-transition-all h-heading style-911 style-local-1703-c5 position-relative h-element\">\n                  <!---->\n                  <div class=\"h-heading__outer style-911 style-local-1703-c5\">\n                    <!---->\n                    <!---->\n                    <h2 class=\"\">Caba\u00f1aNat\n                      <br>&nbsp;<em style=\"font-family: &quot;Playfair Display&quot;;\">milanesas<\/em>&nbsp;\n                      <br>naturalmente&nbsp;<em style=\"font-family: &quot;Playfair Display&quot;;\"><br>sem gl\u00faten<\/em>&nbsp;<\/h2>\n                  <\/div>\n                <\/div>\n                <div data-colibri-id=\"1703-c6\" class=\"h-text h-text-component style-912 style-local-1703-c6 position-relative h-element\">\n                  <!---->\n                  <!---->\n                  <div class=\"\">\n                    <p>A Caba\u00f1a Nat \u00e9 uma empresa aliment\u00edcia focada em promover um estilo de vida saud\u00e1vel e contribuir para a redu\u00e7\u00e3o do impacto clim\u00e1tico.<\/p>\n                    <p>Sabemos que as escolhas di\u00e1rias que fazemos moldam nossos h\u00e1bitos e t\u00eam um impacto direto sobre os recursos do planeta.<\/p>\n                  <\/div>\n                <\/div>\n              <\/div>\n            <\/div>\n          <\/div>\n          <div class=\"h-column h-column-container d-flex h-col-lg-auto h-col-md-auto h-col-auto style-913-outer style-local-1703-c7-outer\">\n            <div data-colibri-id=\"1703-c7\" class=\"d-flex h-flex-basis h-column__inner h-ui-empty-state-container h-px-lg-2 h-px-md-2 h-px-2 v-inner-lg-2 v-inner-md-2 v-inner-2 style-913 style-local-1703-c7 position-relative\">\n              <!---->\n              <!---->\n              <div class=\"w-100 h-y-container h-column__content h-column__v-align flex-basis-100\">\n                <!---->\n              <\/div>\n            <\/div>\n          <\/div>\n        <\/div>\n      <\/div>\n    <\/div>\n  <\/div>\n  <div data-colibri-component=\"section\" data-colibri-id=\"1703-c8\" id=\"about-2\" class=\"h-section h-section-global-spacing d-flex align-items-lg-center align-items-md-center align-items-center style-914 style-local-1703-c8 position-relative\">\n    <!---->\n    <!---->\n    <div class=\"h-section-grid-container h-section-boxed-container\">\n      <div data-colibri-id=\"1703-c12\" class=\"h-row-container gutters-row-lg-2 gutters-row-md-2 gutters-row-2 gutters-row-v-lg-2 gutters-row-v-md-2 gutters-row-v-2 style-918 style-local-1703-c12 position-relative\">\n        <!---->\n        <div class=\"h-row justify-content-lg-center justify-content-md-center justify-content-center align-items-lg-stretch align-items-md-stretch align-items-stretch gutters-col-lg-2 gutters-col-md-2 gutters-col-2 gutters-col-v-lg-2 gutters-col-v-md-2 gutters-col-v-2\">\n          <!---->\n          <div class=\"h-column h-column-container d-flex h-col-lg-auto h-col-md-auto h-col-auto style-919-outer style-local-1703-c13-outer\">\n            <div data-colibri-id=\"1703-c13\" class=\"d-flex h-flex-basis h-column__inner h-px-lg-2 h-px-md-2 h-px-2 v-inner-lg-2 v-inner-md-2 v-inner-2 style-919 style-local-1703-c13 position-relative\">\n              <!---->\n              <!---->\n              <div class=\"w-100 h-y-container h-column__content h-column__v-align flex-basis-100 align-self-lg-start align-self-md-start align-self-start\">\n                <!---->\n                <div data-colibri-id=\"1703-c14\" class=\"h-global-transition-all h-heading style-920 style-local-1703-c14 position-relative h-element\">\n                  <!---->\n                  <div class=\"h-heading__outer style-920 style-local-1703-c14\">\n                    <!---->\n                    <!---->\n                    <h2 class=\"\">Fazemos milanesas saborosas, sustent\u00e1veis, saud\u00e1veis, honestas e sem gl\u00faten, sem adi\u00e7\u00e3o de produtos qu\u00edmicos ou conservantes: carne, ovo e massa, exatamente como deveria ser, assim como voc\u00ea mesmo faria.<\/h2>\n                  <\/div>\n                <\/div>\n              <\/div>\n            <\/div>\n          <\/div>\n        <\/div>\n      <\/div>\n      <div data-colibri-id=\"1703-c9\" class=\"h-row-container gutters-row-lg-0 gutters-row-md-0 gutters-row-0 gutters-row-v-lg-0 gutters-row-v-md-0 gutters-row-v-0 style-915 style-local-1703-c9 h-overflow-hidden position-relative\">\n        <!---->\n        <div class=\"h-row justify-content-lg-center justify-content-md-center justify-content-center align-items-lg-end align-items-md-end align-items-end gutters-col-lg-0 gutters-col-md-0 gutters-col-0 gutters-col-v-lg-0 gutters-col-v-md-0 gutters-col-v-0\">\n          <!---->\n          <div class=\"h-column h-column-container d-flex h-col-lg-6 h-col-md-6 h-col-4 align-self-lg-end align-self-md-end align-self-end style-916-outer style-local-1703-c10-outer\">\n            <div data-colibri-id=\"1703-c10\" class=\"d-flex h-flex-basis h-column__inner h-ui-empty-state-container h-px-lg-0 h-px-md-0 h-px-0 v-inner-lg-0 v-inner-md-0 v-inner-0 style-916 style-local-1703-c10 position-relative\">\n              <!---->\n              <!---->\n              <div class=\"w-100 h-y-container h-column__content h-column__v-align flex-basis-100\">\n                <!---->\n              <\/div>\n            <\/div>\n          <\/div>\n          <div class=\"h-column h-column-container d-flex h-col-lg-6 h-col-md-6 h-col-4 align-self-lg-end align-self-md-end align-self-end style-917-outer style-local-1703-c11-outer\">\n            <div data-colibri-id=\"1703-c11\" class=\"d-flex h-flex-basis h-column__inner h-ui-empty-state-container h-px-lg-0 h-px-md-0 h-px-0 v-inner-lg-0 v-inner-md-0 v-inner-0 style-917 style-local-1703-c11 position-relative\">\n              <!---->\n              <!---->\n              <div class=\"w-100 h-y-container h-column__content h-column__v-align flex-basis-100\">\n                <!---->\n              <\/div>\n            <\/div>\n          <\/div>\n        <\/div>\n      <\/div>\n    <\/div>\n  <\/div>\n  <div data-colibri-component=\"section\" data-colibri-id=\"1703-c15\" id=\"custom\" class=\"h-section h-section-global-spacing d-flex align-items-lg-end align-items-md-end align-items-end style-921 style-local-1703-c15 position-relative\">\n    <!---->\n    <!---->\n    <div class=\"h-section-grid-container h-section-boxed-container\">\n      <!---->\n      <div data-colibri-id=\"1703-c16\" class=\"h-row-container gutters-row-lg-2 gutters-row-md-2 gutters-row-0 gutters-row-v-lg-2 gutters-row-v-md-2 gutters-row-v-2 style-922 style-local-1703-c16 position-relative\">\n        <!---->\n        <div class=\"h-row justify-content-lg-center justify-content-md-center justify-content-center align-items-lg-stretch align-items-md-stretch align-items-stretch gutters-col-lg-2 gutters-col-md-2 gutters-col-0 gutters-col-v-lg-2 gutters-col-v-md-2 gutters-col-v-2\">\n          <!---->\n          <div class=\"h-column h-column-container d-flex h-col-lg-auto h-col-md-auto h-col-auto style-923-outer style-local-1703-c17-outer\">\n            <div data-colibri-id=\"1703-c17\" class=\"d-flex h-flex-basis h-column__inner h-ui-empty-state-container h-px-lg-2 h-px-md-2 h-px-2 v-inner-lg-2 v-inner-md-2 v-inner-2 style-923 style-local-1703-c17 position-relative\">\n              <!---->\n              <!---->\n              <div class=\"w-100 h-y-container h-column__content h-column__v-align flex-basis-100\">\n                <!---->\n              <\/div>\n            <\/div>\n          <\/div>\n        <\/div>\n      <\/div>\n    <\/div>\n  <\/div>\n  <div data-colibri-component=\"section\" data-colibri-id=\"1703-c18\" id=\"content\" class=\"h-section h-section-global-spacing d-flex align-items-lg-center align-items-md-center align-items-center style-924 style-local-1703-c18 position-relative\">\n    <!---->\n    <!---->\n    <div class=\"h-section-grid-container h-section-fluid-container\">\n      <!---->\n      <div data-colibri-id=\"1703-c19\" class=\"h-row-container gutters-row-lg-0 gutters-row-md-0 gutters-row-2 gutters-row-v-lg-0 gutters-row-v-md-0 gutters-row-v-2 style-925 style-local-1703-c19 position-relative\">\n        <!---->\n        <div class=\"h-row justify-content-lg-center justify-content-md-center justify-content-center align-items-lg-stretch align-items-md-stretch align-items-stretch gutters-col-lg-0 gutters-col-md-0 gutters-col-2 gutters-col-v-lg-0 gutters-col-v-md-0 gutters-col-v-2\">\n          <!---->\n          <div class=\"h-column h-column-container d-flex h-col-lg-auto h-col-md-auto h-col-auto style-926-outer style-local-1703-c20-outer\">\n            <div data-colibri-id=\"1703-c20\" class=\"d-flex h-flex-basis h-column__inner h-px-lg-0 h-px-md-0 h-px-0 v-inner-lg-0 v-inner-md-0 v-inner-0 style-926 style-local-1703-c20 position-relative\">\n              <!---->\n              <!---->\n              <div class=\"w-100 h-y-container h-column__content h-column__v-align flex-basis-100 align-self-lg-start align-self-md-start align-self-start\">\n                <!---->\n                <div data-colibri-id=\"1703-c21\" class=\"h-global-transition-all h-heading style-927 style-local-1703-c21 position-relative h-element\">\n                  <!---->\n                  <div class=\"h-heading__outer style-927 style-local-1703-c21\">\n                    <!---->\n                    <!---->\n                    <h2 class=\"\">Congelado com o Sistema IQF (Individual Quick Frozen)<\/h2>\n                  <\/div>\n                <\/div>\n                <div data-colibri-id=\"1703-c22\" class=\"h-text h-text-component style-928 style-local-1703-c22 position-relative h-element\">\n                  <!---->\n                  <!---->\n                  <div class=\"\">\n                    <p>O processo de congelamento \u00e9 vital para garantir a mais alta qualidade de nossos produtos.<\/p>\n                    <p>O IQF ou congelamento r\u00e1pido individual \u00e9 um procedimento que garante que o produto, uma vez descongelado, mantenha a textura, o valor nutricional e o sabor do produto fresco.<\/p>\n                    <p>A diferen\u00e7a substancial entre um congelamento IQF e um congelamento lento \u00e9 o tamanho do cristal que \u00e9 formado.<\/p>\n                    <p>O sistema IQF permite que os cristais de gelo que se formam dentro das c\u00e9lulas do tecido sejam muito pequenos em tamanho. Desta forma, as paredes celulares que comp\u00f5em os tecidos s\u00e3o impedidas de romper e ao descongelar o produto n\u00e3o\n                      h\u00e1 derramamento de fluidos celulares, garantindo que o produto mantenha suas caracter\u00edsticas originais.<\/p>\n                  <\/div>\n                <\/div>\n              <\/div>\n            <\/div>\n          <\/div>\n          <div class=\"h-column h-column-container d-flex h-col-lg-auto h-col-md-auto h-col-auto style-929-outer style-local-1703-c23-outer\">\n            <div data-colibri-id=\"1703-c23\" class=\"d-flex h-flex-basis h-column__inner h-ui-empty-state-container h-px-lg-0 h-px-md-0 h-px-0 v-inner-lg-0 v-inner-md-0 v-inner-0 style-929 style-local-1703-c23 position-relative\">\n              <!---->\n              <!---->\n              <div class=\"w-100 h-y-container h-column__content h-column__v-align flex-basis-100\">\n                <!---->\n              <\/div>\n            <\/div>\n          <\/div>\n        <\/div>\n      <\/div>\n    <\/div>\n  <\/div>\n  <div data-colibri-component=\"section\" data-colibri-id=\"1703-c24\" id=\"features\" class=\"h-section h-section-global-spacing d-flex align-items-lg-center align-items-md-center align-items-center style-930 style-local-1703-c24 position-relative\">\n    <!---->\n    <!---->\n    <div class=\"h-section-grid-container h-section-boxed-container\">\n      <div data-colibri-id=\"1703-c34\" class=\"h-row-container gutters-row-lg-2 gutters-row-md-2 gutters-row-0 gutters-row-v-lg-2 gutters-row-v-md-2 gutters-row-v-2 style-934 style-local-1703-c34 position-relative\">\n        <!---->\n        <div class=\"h-row justify-content-lg-center justify-content-md-center justify-content-center align-items-lg-stretch align-items-md-stretch align-items-stretch gutters-col-lg-2 gutters-col-md-2 gutters-col-0 gutters-col-v-lg-2 gutters-col-v-md-2 gutters-col-v-2\">\n          <!---->\n          <div class=\"h-column h-column-container d-flex h-col-lg-auto h-col-md-auto h-col-auto style-935-outer style-local-1703-c35-outer\">\n            <div data-colibri-id=\"1703-c35\" class=\"d-flex h-flex-basis h-column__inner h-px-lg-2 h-px-md-2 h-px-2 v-inner-lg-2 v-inner-md-2 v-inner-2 style-935 style-local-1703-c35 position-relative\">\n              <!---->\n              <!---->\n              <div class=\"w-100 h-y-container h-column__content h-column__v-align flex-basis-100 align-self-lg-start align-self-md-start align-self-start\">\n                <!---->\n                <div data-colibri-id=\"1703-c36\" class=\"h-global-transition-all h-heading style-936 style-local-1703-c36 position-relative h-element\">\n                  <!---->\n                  <div class=\"h-heading__outer style-936 style-local-1703-c36\">\n                    <!---->\n                    <!---->\n                    <h2 class=\"\">Mais benef\u00edcios do Sistema IQF<\/h2>\n                  <\/div>\n                <\/div>\n              <\/div>\n            <\/div>\n          <\/div>\n        <\/div>\n      <\/div>\n      <div data-colibri-id=\"1703-c25\" class=\"h-row-container gutters-row-lg-2 gutters-row-md-2 gutters-row-2 gutters-row-v-lg-2 gutters-row-v-md-2 gutters-row-v-2 style-931 style-local-1703-c25 position-relative\">\n        <!---->\n        <div class=\"h-row justify-content-lg-center justify-content-md-center justify-content-center align-items-lg-stretch align-items-md-stretch align-items-stretch gutters-col-lg-2 gutters-col-md-2 gutters-col-2 gutters-col-v-lg-2 gutters-col-v-md-2 gutters-col-v-2\">\n          <!---->\n          <div class=\"h-column h-column-container d-flex h-col-lg-3 h-col-md-6 h-col-12 style-932-outer style-local-1703-c26-outer\">\n            <div data-colibri-id=\"1703-c26\" class=\"d-flex h-flex-basis h-column__inner h-px-lg-3 h-px-md-3 h-px-2 v-inner-lg-3 v-inner-md-3 v-inner-2 style-932 style-local-1703-c26 position-relative\">\n              <!---->\n              <!---->\n              <div class=\"w-100 h-y-container h-column__content h-column__v-align flex-basis-100 align-self-lg-center align-self-md-center align-self-center\">\n                <!---->\n                <div data-colibri-id=\"1703-c27\" class=\"h-text h-text-component style-933 style-local-1703-c27 position-relative h-element\">\n                  <!---->\n                  <!---->\n                  <div class=\"\">\n                    <p>Gra\u00e7as \u00e0 abrupta mudan\u00e7a de temperatura deste sistema, os microorganismos s\u00e3o minimizados e a mais alta qualidade higi\u00eanica \u00e9 alcan\u00e7ada.<\/p>\n                  <\/div>\n                <\/div>\n              <\/div>\n            <\/div>\n          <\/div>\n          <div class=\"h-column h-column-container d-flex h-col-lg-3 h-col-md-6 h-col-12 style-932-outer style-local-1703-c28-outer\">\n            <div data-colibri-id=\"1703-c28\" class=\"d-flex h-flex-basis h-column__inner h-px-lg-3 h-px-md-3 h-px-2 v-inner-lg-3 v-inner-md-3 v-inner-2 style-932 style-local-1703-c28 position-relative\">\n              <!---->\n              <!---->\n              <div class=\"w-100 h-y-container h-column__content h-column__v-align flex-basis-100 align-self-lg-center align-self-md-center align-self-center\">\n                <!---->\n                <div data-colibri-id=\"1703-c29\" class=\"h-text h-text-component style-933 style-local-1703-c29 position-relative h-element\">\n                  <!---->\n                  <!---->\n                  <div class=\"\">\n                    <p>Uma vez congelados, os produtos s\u00e3o mantidos em perfeito estado de qualidade microbiol\u00f3gica e garantia de sa\u00fade alimentar durante todo o prazo de validade de 12 meses.<\/p>\n                  <\/div>\n                <\/div>\n              <\/div>\n            <\/div>\n          <\/div>\n          <div class=\"h-column h-column-container d-flex h-col-lg-3 h-col-md-6 h-col-12 style-932-outer style-local-1703-c30-outer\">\n            <div data-colibri-id=\"1703-c30\" class=\"d-flex h-flex-basis h-column__inner h-px-lg-3 h-px-md-3 h-px-2 v-inner-lg-3 v-inner-md-3 v-inner-2 style-932 style-local-1703-c30 position-relative\">\n              <!---->\n              <!---->\n              <div class=\"w-100 h-y-container h-column__content h-column__v-align flex-basis-100 align-self-lg-center align-self-md-center align-self-center\">\n                <!---->\n                <div data-colibri-id=\"1703-c31\" class=\"h-text h-text-component style-933 style-local-1703-c31 position-relative h-element\">\n                  <!---->\n                  <!---->\n                  <div class=\"\">\n                    <p>Podemos descongelar a quantidade desejada de produto e n\u00e3o o bloco inteiro.<\/p>\n                  <\/div>\n                <\/div>\n              <\/div>\n            <\/div>\n          <\/div>\n          <div class=\"h-column h-column-container d-flex h-col-lg-3 h-col-md-6 h-col-12 style-932-outer style-local-1703-c32-outer\">\n            <div data-colibri-id=\"1703-c32\" class=\"d-flex h-flex-basis h-column__inner h-px-lg-3 h-px-md-3 h-px-2 v-inner-lg-3 v-inner-md-3 v-inner-2 style-932 style-local-1703-c32 position-relative\">\n              <!---->\n              <!---->\n              <div class=\"w-100 h-y-container h-column__content h-column__v-align flex-basis-100 align-self-lg-center align-self-md-center align-self-center\">\n                <!---->\n                <div data-colibri-id=\"1703-c33\" class=\"h-text h-text-component style-933 style-local-1703-c33 position-relative h-element\">\n                  <!---->\n                  <!---->\n                  <div class=\"\">\n                    <p>N\u00e3o precisa ser descongelado para cozinhar ou preparar, ele ser\u00e1 utilizado diretamente na cozinha.<\/p>\n                  <\/div>\n                <\/div>\n              <\/div>\n            <\/div>\n          <\/div>\n        <\/div>\n      <\/div>\n    <\/div>\n  <\/div>\n<\/div>","protected":false},"excerpt":{"rendered":"<p>Caba\u00f1aNat &nbsp;milanesas&nbsp; naturalmente&nbsp;sem gl\u00faten&nbsp; A Caba\u00f1a Nat \u00e9 uma empresa aliment\u00edcia focada em promover um estilo de vida saud\u00e1vel e contribuir para a redu\u00e7\u00e3o do impacto clim\u00e1tico. Sabemos que as escolhas di\u00e1rias que fazemos moldam nossos h\u00e1bitos e t\u00eam um impacto direto sobre os recursos do planeta. Fazemos milanesas saborosas, sustent\u00e1veis, saud\u00e1veis, honestas e sem [&hellip;]<\/p>\n","protected":false},"author":1,"featured_media":0,"parent":0,"menu_order":0,"comment_status":"closed","ping_status":"closed","template":"page-templates\/full-width-page.php","meta":{"_monsterinsights_skip_tracking":false,"_monsterinsights_sitenote_active":false,"_monsterinsights_sitenote_note":"","_monsterinsights_sitenote_category":0,"footnotes":""},"class_list":["post-1703","page","type-page","status-publish","hentry"],"aioseo_notices":[],"_links":{"self":[{"href":"https:\/\/xn--cabaanat-g3a.com.ar\/index.php\/wp-json\/wp\/v2\/pages\/1703","targetHints":{"allow":["GET"]}}],"collection":[{"href":"https:\/\/xn--cabaanat-g3a.com.ar\/index.php\/wp-json\/wp\/v2\/pages"}],"about":[{"href":"https:\/\/xn--cabaanat-g3a.com.ar\/index.php\/wp-json\/wp\/v2\/types\/page"}],"author":[{"embeddable":true,"href":"https:\/\/xn--cabaanat-g3a.com.ar\/index.php\/wp-json\/wp\/v2\/users\/1"}],"replies":[{"embeddable":true,"href":"https:\/\/xn--cabaanat-g3a.com.ar\/index.php\/wp-json\/wp\/v2\/comments?post=1703"}],"version-history":[{"count":2,"href":"https:\/\/xn--cabaanat-g3a.com.ar\/index.php\/wp-json\/wp\/v2\/pages\/1703\/revisions"}],"predecessor-version":[{"id":1708,"href":"https:\/\/xn--cabaanat-g3a.com.ar\/index.php\/wp-json\/wp\/v2\/pages\/1703\/revisions\/1708"}],"wp:attachment":[{"href":"https:\/\/xn--cabaanat-g3a.com.ar\/index.php\/wp-json\/wp\/v2\/media?parent=1703"}],"curies":[{"name":"wp","href":"https:\/\/api.w.org\/{rel}","templated":true}]}}