{"id":1679,"date":"2023-04-04T17:05:06","date_gmt":"2023-04-04T17:05:06","guid":{"rendered":"https:\/\/xn--cabaanat-g3a.com.ar\/?page_id=1679"},"modified":"2023-04-04T19:18:06","modified_gmt":"2023-04-04T19:18:06","slug":"comecar","status":"publish","type":"page","link":"https:\/\/xn--cabaanat-g3a.com.ar\/index.php\/pt\/comecar\/","title":{"rendered":"Come\u00e7ar"},"content":{"rendered":"<div data-colibri-id=\"1679-c1\" class=\"style-889 style-local-1679-c1 position-relative\">\n  <!---->\n  <div data-colibri-component=\"section\" data-colibri-id=\"1679-c2\" id=\"about\" class=\"h-section h-section-global-spacing d-flex align-items-lg-center align-items-md-center align-items-center style-890 style-local-1679-c2 position-relative\">\n    <!---->\n    <!---->\n    <div class=\"h-section-grid-container h-section-boxed-container\">\n      <!---->\n      <div data-colibri-id=\"1679-c3\" class=\"h-row-container gutters-row-lg-0 gutters-row-md-0 gutters-row-0 gutters-row-v-lg-0 gutters-row-v-md-0 gutters-row-v-0 style-891 style-local-1679-c3 position-relative\">\n        <!---->\n        <div class=\"h-row justify-content-lg-center justify-content-md-center justify-content-center align-items-lg-stretch align-items-md-stretch align-items-stretch gutters-col-lg-0 gutters-col-md-0 gutters-col-0 gutters-col-v-lg-0 gutters-col-v-md-0 gutters-col-v-0\">\n          <!---->\n          <div class=\"h-column h-column-container d-flex h-col-lg-auto h-col-md-auto h-col-auto style-892-outer style-local-1679-c4-outer\">\n            <div data-colibri-id=\"1679-c4\" class=\"d-flex h-flex-basis h-column__inner h-ui-empty-state-container h-px-lg-0 h-px-md-0 h-px-0 v-inner-lg-0 v-inner-md-0 v-inner-0 style-892 style-local-1679-c4 position-relative\">\n              <!---->\n              <!---->\n              <div class=\"w-100 h-y-container h-column__content h-column__v-align flex-basis-100\">\n                <!---->\n              <\/div>\n            <\/div>\n          <\/div>\n          <div class=\"h-column h-column-container d-flex h-col-lg-auto h-col-md-auto h-col-auto style-893-outer style-local-1679-c5-outer\">\n            <div data-colibri-id=\"1679-c5\" class=\"d-flex h-flex-basis h-column__inner h-px-lg-2 h-px-md-2 h-px-2 v-inner-lg-2 v-inner-md-2 v-inner-2 style-893 style-local-1679-c5 position-relative\">\n              <!---->\n              <!---->\n              <div class=\"w-100 h-y-container h-column__content h-column__v-align flex-basis-100 align-self-lg-start align-self-md-start align-self-start\">\n                <!---->\n                <div data-colibri-id=\"1679-c6\" class=\"h-global-transition-all h-heading style-894 style-local-1679-c6 position-relative h-element\">\n                  <!---->\n                  <div class=\"h-heading__outer style-894 style-local-1679-c6\">\n                    <!---->\n                    <!---->\n                    <h3 class=\"\">Tem a\n                      <br>&nbsp;<em style=\"font-family: &quot;Playfair Display&quot;;\">lenda&#8230;<\/em><\/h3>\n                  <\/div>\n                <\/div>\n                <div data-colibri-id=\"1679-c7\" class=\"h-text h-text-component style-895 style-local-1679-c7 position-relative h-element\">\n                  <!---->\n                  <!---->\n                  <div class=\"\">\n                    <p>&#8230; que quando as tropas austr\u00edacas ocuparam o norte da It\u00e1lia ap\u00f3s a derrota de Napole\u00e3o Bonaparte, eles mantiveram uma receita: era um olho de costela de carne de vaca ao estilo Milaneso com migalhas de p\u00e3o. Nessa \u00e1rea ficou conhecida\n                      como Schintzel e do outro lado do Atl\u00e2ntico adaptou o nome pelo qual ainda \u00e9 conhecida: \u00abcotolleta alla Milanese\u00bb.<\/p>\n                    <p>Mas h\u00e1 muito mais hist\u00f3ria por tr\u00e1s dela, suas origens s\u00e3o amplamente debatidas e uma simples revis\u00e3o da etimologia da palavra revela que pelo menos uma cidade, Mil\u00e3o, est\u00e1 envolvida em suas origens.<\/p>\n                    <p>\n                      <br>\n                    <\/p>\n                    <p>\n                      <br>\n                    <\/p>\n                    <p>\n                      <br>\n                    <\/p>\n                  <\/div>\n                <\/div>\n              <\/div>\n            <\/div>\n          <\/div>\n          <div class=\"h-column h-column-container d-flex h-col-lg-auto h-col-md-auto h-col-auto style-896-outer style-local-1679-c8-outer\">\n            <div data-colibri-id=\"1679-c8\" class=\"d-flex h-flex-basis h-column__inner h-px-lg-2 h-px-md-2 h-px-2 v-inner-lg-2 v-inner-md-2 v-inner-2 style-896 style-local-1679-c8 position-relative\">\n              <!---->\n              <!---->\n              <div class=\"w-100 h-y-container h-column__content h-column__v-align flex-basis-100 align-self-lg-end align-self-md-end align-self-end\">\n                <!---->\n                <div data-colibri-id=\"1679-c9\" class=\"d-block style-897 style-local-1679-c9 position-relative h-element\">\n                  <!---->\n                  <div class=\"h-image__frame-container-outer\">\n                    <div class=\"h-image__frame-container\">\n                      <!---->\n                      <!---->\n                      <img loading=\"lazy\" decoding=\"async\" width=\"690\" height=\"857\" src=\"https:\/\/xn--cabaanat-g3a.com.ar\/wp\/wp-content\/uploads\/2023\/04\/cropped-entonces-portu.png\" class=\"wp-image-1686 style-897-image style-local-1679-c9-image\" alt=\"\" srcset=\"https:\/\/xn--cabaanat-g3a.com.ar\/wp\/wp-content\/uploads\/2023\/04\/cropped-entonces-portu.png 690w, https:\/\/xn--cabaanat-g3a.com.ar\/wp\/wp-content\/uploads\/2023\/04\/cropped-entonces-portu-242x300.png 242w\" sizes=\"auto, (max-width: 690px) 100vw, 690px\" \/>\n                      <div class=\"h-image__frame h-hide-lg h-hide-md h-hide-sm style-897-frameImage style-local-1679-c9-frameImage\"><\/div>\n                    <\/div>\n                  <\/div>\n                <\/div>\n              <\/div>\n            <\/div>\n          <\/div>\n        <\/div>\n      <\/div>\n      <div data-colibri-id=\"1679-c10\" class=\"h-row-container gutters-row-lg-2 gutters-row-md-2 gutters-row-0 gutters-row-v-lg-2 gutters-row-v-md-2 gutters-row-v-2 style-898 style-local-1679-c10 position-relative\">\n        <!---->\n        <div class=\"h-row justify-content-lg-center justify-content-md-center justify-content-center align-items-lg-stretch align-items-md-stretch align-items-stretch gutters-col-lg-2 gutters-col-md-2 gutters-col-0 gutters-col-v-lg-2 gutters-col-v-md-2 gutters-col-v-2\">\n          <!---->\n          <div class=\"h-column h-column-container d-flex h-col-lg-auto h-col-md-auto h-col-auto style-899-outer style-local-1679-c11-outer\">\n            <div data-colibri-id=\"1679-c11\" class=\"d-flex h-flex-basis h-column__inner h-px-lg-2 h-px-md-2 h-px-2 v-inner-lg-2 v-inner-md-2 v-inner-2 style-899 style-local-1679-c11 position-relative\">\n              <!---->\n              <!---->\n              <div class=\"w-100 h-y-container h-column__content h-column__v-align flex-basis-100 align-self-lg-start align-self-md-start align-self-start\">\n                <!---->\n                <div data-colibri-id=\"1679-c12\" class=\"h-text h-text-component style-900 style-local-1679-c12 position-relative h-element\">\n                  <!---->\n                  <!---->\n                  <div class=\"\">\n                    <p>A origem desta receita ainda n\u00e3o \u00e9 conhecida com certeza. Para n\u00f3s, o Milan\u00eas \u00e9 a comida mais deliciosa do mundo, um banquete para o paladar! Mila, milanga, um fino filete de carne revestido de ovo batido e massa, que \u00e9 cozido frito\n                      ou assado no forno. Pode ser comida \u00abal plato\u00bb (geralmente com um acompanhamento como salada, pur\u00ea ou batatas fritas) ou como um sandu\u00edche.<\/p>\n                  <\/div>\n                <\/div>\n              <\/div>\n            <\/div>\n          <\/div>\n        <\/div>\n      <\/div>\n    <\/div>\n  <\/div>\n  <div data-colibri-component=\"section\" data-colibri-id=\"1679-c13\" id=\"about-2\" class=\"h-section h-section-global-spacing d-flex align-items-lg-center align-items-md-center align-items-center style-901 style-local-1679-c13 position-relative\">\n    <!---->\n    <!---->\n    <div class=\"h-section-grid-container h-section-boxed-container\">\n      <!---->\n      <div data-colibri-id=\"1679-c14\" class=\"h-row-container gutters-row-lg-0 gutters-row-md-0 gutters-row-0 gutters-row-v-lg-0 gutters-row-v-md-0 gutters-row-v-0 style-902 style-local-1679-c14 position-relative\">\n        <!---->\n        <div class=\"h-row justify-content-lg-center justify-content-md-center justify-content-center align-items-lg-stretch align-items-md-stretch align-items-stretch gutters-col-lg-0 gutters-col-md-0 gutters-col-0 gutters-col-v-lg-0 gutters-col-v-md-0 gutters-col-v-0\">\n          <!---->\n          <div class=\"h-column h-column-container d-flex h-col-lg-auto h-col-md-auto h-col-auto style-903-outer style-local-1679-c15-outer\">\n            <div data-colibri-id=\"1679-c15\" class=\"d-flex h-flex-basis h-column__inner h-px-lg-0 h-px-md-0 h-px-0 v-inner-lg-0 v-inner-md-0 v-inner-0 style-903 style-local-1679-c15 position-relative\">\n              <!---->\n              <!---->\n              <div class=\"w-100 h-y-container h-column__content h-column__v-align flex-basis-100 align-self-lg-start align-self-md-start align-self-start\">\n                <!---->\n                <div data-colibri-id=\"1679-c16\" class=\"h-global-transition-all h-heading style-904 style-local-1679-c16 position-relative h-element\">\n                  <!---->\n                  <div class=\"h-heading__outer style-904 style-local-1679-c16\">\n                    <!---->\n                    <!---->\n                    <h2 class=\"\">Quais s\u00e3o os&nbsp;<em style=\"font-family: &quot;Playfair Display&quot;;\">SEGREDOS<\/em>&nbsp;da milanesa <em style=\"font-family: &quot;Playfair Display&quot;;\">PERFEITA?<\/em><\/h2>\n                  <\/div>\n                <\/div>\n                <div data-colibri-id=\"1679-c17\" class=\"h-text h-text-component style-905 style-local-1679-c17 position-relative h-element\">\n                  <!---->\n                  <!---->\n                  <div class=\"\">\n                    <p>Descubra-os provando nossas milanesas, porque quando prov\u00e1-los, voc\u00ea saber\u00e1 quem tem a verdade!!!<\/p>\n                  <\/div>\n                <\/div>\n              <\/div>\n            <\/div>\n          <\/div>\n          <div class=\"h-column h-column-container d-flex h-col-lg-auto h-col-md-auto h-col-auto style-906-outer style-local-1679-c18-outer\">\n            <div data-colibri-id=\"1679-c18\" class=\"d-flex h-flex-basis h-column__inner h-ui-empty-state-container h-px-lg-2 h-px-md-2 h-px-2 v-inner-lg-2 v-inner-md-2 v-inner-2 style-906 style-local-1679-c18 position-relative\">\n              <!---->\n              <!---->\n              <div class=\"w-100 h-y-container h-column__content h-column__v-align flex-basis-100\">\n                <!---->\n              <\/div>\n            <\/div>\n          <\/div>\n        <\/div>\n      <\/div>\n    <\/div>\n  <\/div>\n<\/div>","protected":false},"excerpt":{"rendered":"<p>Tem a &nbsp;lenda&#8230; &#8230; que quando as tropas austr\u00edacas ocuparam o norte da It\u00e1lia ap\u00f3s a derrota de Napole\u00e3o Bonaparte, eles mantiveram uma receita: era um olho de costela de carne de vaca ao estilo Milaneso com migalhas de p\u00e3o. Nessa \u00e1rea ficou conhecida como Schintzel e do outro lado do Atl\u00e2ntico adaptou o nome [&hellip;]<\/p>\n","protected":false},"author":1,"featured_media":0,"parent":0,"menu_order":0,"comment_status":"closed","ping_status":"closed","template":"page-templates\/full-width-page.php","meta":{"_monsterinsights_skip_tracking":false,"_monsterinsights_sitenote_active":false,"_monsterinsights_sitenote_note":"","_monsterinsights_sitenote_category":0,"footnotes":""},"class_list":["post-1679","page","type-page","status-publish","hentry"],"aioseo_notices":[],"_links":{"self":[{"href":"https:\/\/xn--cabaanat-g3a.com.ar\/index.php\/wp-json\/wp\/v2\/pages\/1679","targetHints":{"allow":["GET"]}}],"collection":[{"href":"https:\/\/xn--cabaanat-g3a.com.ar\/index.php\/wp-json\/wp\/v2\/pages"}],"about":[{"href":"https:\/\/xn--cabaanat-g3a.com.ar\/index.php\/wp-json\/wp\/v2\/types\/page"}],"author":[{"embeddable":true,"href":"https:\/\/xn--cabaanat-g3a.com.ar\/index.php\/wp-json\/wp\/v2\/users\/1"}],"replies":[{"embeddable":true,"href":"https:\/\/xn--cabaanat-g3a.com.ar\/index.php\/wp-json\/wp\/v2\/comments?post=1679"}],"version-history":[{"count":3,"href":"https:\/\/xn--cabaanat-g3a.com.ar\/index.php\/wp-json\/wp\/v2\/pages\/1679\/revisions"}],"predecessor-version":[{"id":1698,"href":"https:\/\/xn--cabaanat-g3a.com.ar\/index.php\/wp-json\/wp\/v2\/pages\/1679\/revisions\/1698"}],"wp:attachment":[{"href":"https:\/\/xn--cabaanat-g3a.com.ar\/index.php\/wp-json\/wp\/v2\/media?parent=1679"}],"curies":[{"name":"wp","href":"https:\/\/api.w.org\/{rel}","templated":true}]}}